{"id":415,"date":"2020-07-14T10:10:00","date_gmt":"2020-07-14T08:10:00","guid":{"rendered":"https:\/\/showcase2.sites.better-hotel.com\/?page_id=415"},"modified":"2020-12-07T14:00:30","modified_gmt":"2020-12-07T13:00:30","slug":"cookie-souhlas","status":"publish","type":"page","link":"https:\/\/fortna.cz\/en\/cookie-souhlas\/","title":{"rendered":"Cookie Souhlas"},"content":{"rendered":"<div data-elementor-type=\"wp-page\" data-elementor-id=\"415\" class=\"elementor elementor-415\" data-elementor-settings=\"[]\">\n\t\t\t\t\t\t<div class=\"elementor-inner\">\n\t\t\t\t\t\t\t<div class=\"elementor-section-wrap\">\n\t\t\t\t\t\t\t<section class=\"elementor-section elementor-top-section elementor-element elementor-element-ced3698 elementor-section-boxed elementor-section-height-default elementor-section-height-default\" data-id=\"ced3698\" data-element_type=\"section\">\n\t\t\t\t\t\t<div class=\"elementor-container elementor-column-gap-default\">\n\t\t\t\t\t\t\t<div class=\"elementor-row\">\n\t\t\t\t\t<div class=\"elementor-column elementor-col-100 elementor-top-column elementor-element elementor-element-63263fb7\" data-id=\"63263fb7\" data-element_type=\"column\">\n\t\t\t<div class=\"elementor-column-wrap elementor-element-populated\">\n\t\t\t\t\t\t\t<div class=\"elementor-widget-wrap\">\n\t\t\t\t\t\t<div class=\"elementor-element elementor-element-d709089 elementor-widget elementor-widget-heading\" data-id=\"d709089\" data-element_type=\"widget\" data-widget_type=\"heading.default\">\n\t\t\t\t<div class=\"elementor-widget-container\">\n\t\t\t<h1 class=\"elementor-heading-title elementor-size-default\">Policy on the use of cookies<\/h1>\t\t<\/div>\n\t\t\t\t<\/div>\n\t\t\t\t<div class=\"elementor-element elementor-element-69f24d7 elementor-widget elementor-widget-heading\" data-id=\"69f24d7\" data-element_type=\"widget\" data-widget_type=\"heading.default\">\n\t\t\t\t<div class=\"elementor-widget-container\">\n\t\t\t<h2 class=\"elementor-heading-title elementor-size-default\">What are cookies:<\/h2>\t\t<\/div>\n\t\t\t\t<\/div>\n\t\t\t\t<div class=\"elementor-element elementor-element-12814d7 elementor-widget elementor-widget-text-editor\" data-id=\"12814d7\" data-element_type=\"widget\" data-widget_type=\"text-editor.default\">\n\t\t\t\t<div class=\"elementor-widget-container\">\n\t\t\t\t\t<div class=\"elementor-text-editor elementor-clearfix\"><p>This site uses cookies in order to provide you with better services. Cookies are small files that store information in your browser and are commonly used to distinguish users. On the basis of this information a user identity is not identifiable. Cookies help:<\/p><ul><li>with the proper functioning of the site in order to complete the purchase process with minimal difficulties;<\/li><li>save customer credentials used previously in order to ease the purchase process in future;<\/li><li>determine which sites and functions are used by users more often;<\/li><li>determine which ads are seen by users more often.<\/li><\/ul><\/div>\n\t\t\t\t<\/div>\n\t\t\t\t<\/div>\n\t\t\t\t<div class=\"elementor-element elementor-element-3b8f46e elementor-widget elementor-widget-heading\" data-id=\"3b8f46e\" data-element_type=\"widget\" data-widget_type=\"heading.default\">\n\t\t\t\t<div class=\"elementor-widget-container\">\n\t\t\t<h2 class=\"elementor-heading-title elementor-size-default\">What cookies do we use?<\/h2>\t\t<\/div>\n\t\t\t\t<\/div>\n\t\t\t\t<div class=\"elementor-element elementor-element-f98cb2c elementor-widget elementor-widget-text-editor\" data-id=\"f98cb2c\" data-element_type=\"widget\" data-widget_type=\"text-editor.default\">\n\t\t\t\t<div class=\"elementor-widget-container\">\n\t\t\t\t\t<div class=\"elementor-text-editor elementor-clearfix\"><p>Soubory cookie pou\u017e\u00edvan\u00e9 na na\u0161ich str\u00e1nk\u00e1ch lze z hlediska jejich trvanlivosti rozd\u011blit na dva z\u00e1kladn\u00ed typy. Kr\u00e1tkodob\u00e9 tzv. \u201esession cookie\u201c kter\u00e9 jsou pouze do\u010dasn\u00e9 a z\u016fst\u00e1vaj\u00ed ulo\u017eeny ve Va\u0161em prohl\u00ed\u017ee\u010di pouze do t\u00e9 doby, ne\u017e prohl\u00ed\u017ee\u010d zav\u0159ete, a dlouhodob\u011b tzv. \u201epersistent cookie\u201c, kter\u00e9 z\u016fst\u00e1vaj\u00ed ulo\u017eeny ve Va\u0161em za\u0159\u00edzen\u00ed mnohem d\u00e9le nebo dokud je ru\u010dn\u011b neodstran\u00edte (doba ponech\u00e1n\u00ed soubor\u016f cookie ve va\u0161em za\u0159\u00edzen\u00ed z\u00e1vis\u00ed na nastaven\u00ed samotn\u00e9 cookie a nastaven\u00ed va\u0161eho prohl\u00ed\u017ee\u010de).<\/p><p>Z hlediska funkce, kterou jednotliv\u00e9 cookie pln\u00ed, lze cookie rozd\u011blit na:<\/p><ul><li><b>conversion cookies<\/b>(help analyze the performance of sales channels)<\/li><li><b>tracking cookies<\/b>\u00a0(in combination with conversion cookies help analyze the performance of sales channels as well)<\/li><li><b>remarketing cookies<\/b>(enable personalize the content of advertising and improve targeting)<\/li><li><b>analytical cookies<\/b>(help incresase user comfort on our website by understanding how users use it)<\/li><li><b>essential cookies<\/b>(are importat for the basic functionality of the website)<\/li><\/ul><p>Some cookies may collect information that is subsequently used by third parties and that can directly support our promotional activities (so called third-party cookies). For example the information collected about the products bought by our website visitors can be displayed by an advertising agency in order to better customize the internet advertising banners.\n\nOn the basis of any data collected a user identity is not identifiable.<\/p><\/div>\n\t\t\t\t<\/div>\n\t\t\t\t<\/div>\n\t\t\t\t<div class=\"elementor-element elementor-element-9e1f668 elementor-widget elementor-widget-heading\" data-id=\"9e1f668\" data-element_type=\"widget\" data-widget_type=\"heading.default\">\n\t\t\t\t<div class=\"elementor-widget-container\">\n\t\t\t<h2 class=\"elementor-heading-title elementor-size-default\">How to avoid the use of cookies<\/h2>\t\t<\/div>\n\t\t\t\t<\/div>\n\t\t\t\t<div class=\"elementor-element elementor-element-672c53b elementor-widget elementor-widget-text-editor\" data-id=\"672c53b\" data-element_type=\"widget\" data-widget_type=\"text-editor.default\">\n\t\t\t\t<div class=\"elementor-widget-container\">\n\t\t\t\t\t<div class=\"elementor-text-editor elementor-clearfix\"><p>Pou\u017e\u00edv\u00e1n\u00ed soubor\u016f cookie lze nastavit pomoc\u00ed Va\u0161eho internetov\u00e9ho prohl\u00ed\u017ee\u010de. V\u011bt\u0161ina prohl\u00ed\u017ee\u010d\u016f soubory cookie automaticky p\u0159ij\u00edm\u00e1 ji\u017e ve v\u00fdchoz\u00edm nastaven\u00ed. Soubory cookie lze pomoc\u00ed Va\u0161eho webov\u00e9ho prohl\u00ed\u017ee\u010de odm\u00edtnout nebo nastavit u\u017e\u00edv\u00e1n\u00ed jen n\u011bkter\u00fdch soubor\u016f cookie.<\/p><p>\u00da\u010dinn\u00fd n\u00e1stroj pro spr\u00e1vu soubor\u016f cookie je t\u00e9\u017e k dispozici na str\u00e1nk\u00e1ch\u00a0<a href=\"https:\/\/www.youronlinechoices.com\/\">https:\/\/www.youronlinechoices.com\/<\/a><\/p><\/div>\n\t\t\t\t<\/div>\n\t\t\t\t<\/div>\n\t\t\t\t\t\t<\/div>\n\t\t\t\t\t<\/div>\n\t\t<\/div>\n\t\t\t\t\t\t\t\t<\/div>\n\t\t\t\t\t<\/div>\n\t\t<\/section>\n\t\t\t\t\t\t<\/div>\n\t\t\t\t\t\t<\/div>\n\t\t\t\t\t<\/div>","protected":false},"excerpt":{"rendered":"<p>Z\u00e1sady pou\u017e\u00edv\u00e1n\u00ed soubor\u016f cookie Co jsou soubory cookies: Za \u00fa\u010delem zlep\u0161en\u00ed V\u00e1m poskytovan\u00fdch slu\u017eeb vyu\u017e\u00edvaj\u00ed na\u0161e str\u00e1nky soubory cookie. Soubory cookie jsou mal\u00e9 soubory, kter\u00e9 ukl\u00e1daj\u00ed informace ve Va\u0161em prohl\u00ed\u017ee\u010di a b\u011b\u017en\u011b slou\u017e\u00ed k rozli\u0161ov\u00e1n\u00ed jednotliv\u00fdch u\u017eivatel\u016f. Osoba u\u017eivatele v\u0161ak nen\u00ed na z\u00e1klad\u011b t\u011bchto informac\u00ed identifikovateln\u00e1. Soubory cookies tak pom\u00e1haj\u00ed nap\u0159.: ke spr\u00e1vn\u00e9 funk\u010dnosti na\u0161ich [&hellip;]<\/p>","protected":false},"author":1,"featured_media":0,"parent":0,"menu_order":0,"comment_status":"closed","ping_status":"closed","template":"elementor_header_footer","meta":{"footnotes":""},"aioseo_notices":[],"_links":{"self":[{"href":"https:\/\/fortna.cz\/en\/wp-json\/wp\/v2\/pages\/415"}],"collection":[{"href":"https:\/\/fortna.cz\/en\/wp-json\/wp\/v2\/pages"}],"about":[{"href":"https:\/\/fortna.cz\/en\/wp-json\/wp\/v2\/types\/page"}],"author":[{"embeddable":true,"href":"https:\/\/fortna.cz\/en\/wp-json\/wp\/v2\/users\/1"}],"replies":[{"embeddable":true,"href":"https:\/\/fortna.cz\/en\/wp-json\/wp\/v2\/comments?post=415"}],"version-history":[{"count":4,"href":"https:\/\/fortna.cz\/en\/wp-json\/wp\/v2\/pages\/415\/revisions"}],"predecessor-version":[{"id":857,"href":"https:\/\/fortna.cz\/en\/wp-json\/wp\/v2\/pages\/415\/revisions\/857"}],"wp:attachment":[{"href":"https:\/\/fortna.cz\/en\/wp-json\/wp\/v2\/media?parent=415"}],"curies":[{"name":"wp","href":"https:\/\/api.w.org\/{rel}","templated":true}]}}